{"id":330,"date":"2025-06-07T20:16:23","date_gmt":"2025-06-07T20:16:23","guid":{"rendered":"https:\/\/srbinsoundstudio.com\/?page_id=330"},"modified":"2025-07-31T09:13:42","modified_gmt":"2025-07-31T09:13:42","slug":"my-portfolio","status":"publish","type":"page","link":"https:\/\/srbinsoundstudio.com\/sr\/my-portfolio\/","title":{"rendered":"Portfolio"},"content":{"rendered":"<p>[et_pb_section fb_built=&#8221;1&#8243; _builder_version=&#8221;4.27.4&#8243; _module_preset=&#8221;default&#8221; background_enable_image=&#8221;off&#8221; parallax=&#8221;on&#8221; custom_padding=&#8221;38px||45px|||&#8221; global_colors_info=&#8221;{}&#8221;][et_pb_row _builder_version=&#8221;4.27.4&#8243; _module_preset=&#8221;default&#8221; custom_padding=&#8221;5px|||||&#8221; global_colors_info=&#8221;{}&#8221;][et_pb_column type=&#8221;4_4&#8243; _builder_version=&#8221;4.27.4&#8243; _module_preset=&#8221;default&#8221; global_colors_info=&#8221;{}&#8221;][et_pb_text _builder_version=&#8221;4.27.4&#8243; _module_preset=&#8221;default&#8221; custom_padding=&#8221;27px|||||&#8221; inline_fonts=&#8221;Poppins&#8221; global_colors_info=&#8221;{}&#8221;]<\/p>\n<h2 data-start=\"987\" data-end=\"1002\"><span style=\"font-family: Poppins; color: #000000; font-size: xx-large;\">Portfolio<\/span><\/h2>\n<p data-start=\"1004\" data-end=\"1026\"><span style=\"font-family: Poppins; font-weight: normal; color: #000000;\"><strong data-start=\"1004\" data-end=\"1026\"><\/strong><\/span><\/p>\n<p data-start=\"1004\" data-end=\"1026\"><span style=\"font-family: Poppins; font-weight: normal; color: #000000;\"><strong data-start=\"1004\" data-end=\"1026\">Poslu\u0161ajte na\u0161e radove<\/strong><\/span><\/p>\n<p data-start=\"1028\" data-end=\"1102\"><span style=\"font-family: Poppins; font-weight: normal; color: #000000;\">Evo pregleda nekih od na\u0161ih skorijih radova u vi\u0161e kategorija.<\/span><\/p>\n<p data-start=\"1104\" data-end=\"1209\"><span style=\"font-family: Poppins; font-weight: normal; color: #000000;\"><strong data-start=\"1107\" data-end=\"1126\"><\/strong><\/span><\/p>\n<p data-start=\"1104\" data-end=\"1209\"><span style=\"font-family: Poppins; font-weight: normal; color: #000000;\"><strong data-start=\"1107\" data-end=\"1126\">Muzika za vizuelne medije<\/strong><\/span><\/p>\n<ul>\n<li data-start=\"1104\" data-end=\"1209\"><span style=\"font-family: Poppins; font-weight: normal; color: #000000;\">Muzi\u010dke teme za film i TV<\/span><\/li>\n<li data-start=\"1104\" data-end=\"1209\"><span style=\"font-family: Poppins; font-weight: normal; color: #000000;\">Komercijalna i muzika za brend identitet<\/span><\/li>\n<li data-start=\"1104\" data-end=\"1209\"><span style=\"font-family: Poppins; font-weight: normal; color: #000000;\">Muzika za internet sadr\u017eaj<\/span><\/li>\n<\/ul>\n<p data-start=\"1211\" data-end=\"1348\"><span style=\"font-family: Poppins; font-weight: normal; color: #000000;\"><strong data-start=\"1214\" data-end=\"1241\"><\/strong><\/span><\/p>\n<p data-start=\"1211\" data-end=\"1348\"><span style=\"font-family: Poppins; font-weight: normal; color: #000000;\"><strong data-start=\"1214\" data-end=\"1241\">Pop i vokalna produkcija<\/strong><\/span><\/p>\n<ul>\n<li data-start=\"1211\" data-end=\"1348\"><span style=\"font-family: Poppins; font-weight: normal; color: #000000;\">Muzika po porud\u017ebini za izvo\u0111a\u010de<\/span><\/li>\n<li data-start=\"1211\" data-end=\"1348\"><span style=\"font-family: Poppins; font-weight: normal; color: #000000;\">De\u010dija muzika i obrazovni snimci<\/span><\/li>\n<li data-start=\"1211\" data-end=\"1348\"><span style=\"font-family: Poppins; font-weight: normal; color: #000000;\">Demo od melodije do kompletne pesme<\/span><\/li>\n<\/ul>\n<p data-start=\"1350\" data-end=\"1590\">\n<p>[\/et_pb_text][\/et_pb_column][\/et_pb_row][et_pb_row _builder_version=&#8221;4.27.4&#8243; _module_preset=&#8221;default&#8221; global_colors_info=&#8221;{}&#8221;][et_pb_column type=&#8221;4_4&#8243; _builder_version=&#8221;4.27.4&#8243; _module_preset=&#8221;default&#8221; global_colors_info=&#8221;{}&#8221;][et_pb_text _builder_version=&#8221;4.27.4&#8243; _module_preset=&#8221;default&#8221; global_colors_info=&#8221;{}&#8221;]<\/p>\n<h2><span style=\"color: #000000;\">Pregled muzike<\/span><\/h2>\n<p>[\/et_pb_text][\/et_pb_column][\/et_pb_row][et_pb_row _builder_version=&#8221;4.27.4&#8243; _module_preset=&#8221;default&#8221; global_colors_info=&#8221;{}&#8221;][et_pb_column type=&#8221;4_4&#8243; _builder_version=&#8221;4.27.4&#8243; _module_preset=&#8221;default&#8221; global_colors_info=&#8221;{}&#8221;][et_pb_toggle title=&#8221;POP MUSIC&#8221; open=&#8221;on&#8221; disabled_on=&#8221;off|off|off&#8221; _builder_version=&#8221;4.27.4&#8243; _module_preset=&#8221;default&#8221; global_colors_info=&#8221;{}&#8221;]<\/p>\n<p>Pesma koautorski kreirana za srpsku pop zvezdu<\/p>\n<div style=\"width: 1080px;\" class=\"wp-video\"><!--[if lt IE 9]><script>document.createElement('video');<\/script><![endif]-->\n<video class=\"wp-video-shortcode\" id=\"video-330-1\" width=\"1080\" height=\"608\" preload=\"metadata\" controls=\"controls\"><source type=\"video\/mp4\" src=\"https:\/\/srbinsoundstudio.com\/wp-content\/uploads\/2025\/06\/PRATIM-TE_PROMO-ZA-SAJT.mp4?_=1\" \/><a href=\"https:\/\/srbinsoundstudio.com\/wp-content\/uploads\/2025\/06\/PRATIM-TE_PROMO-ZA-SAJT.mp4\">https:\/\/srbinsoundstudio.com\/wp-content\/uploads\/2025\/06\/PRATIM-TE_PROMO-ZA-SAJT.mp4<\/a><\/video><\/div>\n<p>Pop rok pesma- aran\u017eirana za rok kompozitora u usponu<\/p>\n<div style=\"width: 1080px;\" class=\"wp-video\"><video class=\"wp-video-shortcode\" id=\"video-330-2\" width=\"1080\" height=\"608\" preload=\"metadata\" controls=\"controls\"><source type=\"video\/mp4\" src=\"https:\/\/srbinsoundstudio.com\/wp-content\/uploads\/2025\/06\/POP-ROCK-PORTFOLIO-FIVERR.mp4?_=2\" \/><a href=\"https:\/\/srbinsoundstudio.com\/wp-content\/uploads\/2025\/06\/POP-ROCK-PORTFOLIO-FIVERR.mp4\">https:\/\/srbinsoundstudio.com\/wp-content\/uploads\/2025\/06\/POP-ROCK-PORTFOLIO-FIVERR.mp4<\/a><\/video><\/div>\n<p>Eurodens balada komponovana i producirana za hip hop Di D\u017eeja u usponu<\/p>\n<div style=\"width: 1080px;\" class=\"wp-video\"><video class=\"wp-video-shortcode\" id=\"video-330-3\" width=\"1080\" height=\"608\" preload=\"metadata\" controls=\"controls\"><source type=\"video\/mp4\" src=\"https:\/\/srbinsoundstudio.com\/wp-content\/uploads\/2025\/06\/HIP-HOP-BALLAD-PORTFOLIO-FIVERR-.mp4?_=3\" \/><a href=\"https:\/\/srbinsoundstudio.com\/wp-content\/uploads\/2025\/06\/HIP-HOP-BALLAD-PORTFOLIO-FIVERR-.mp4\">https:\/\/srbinsoundstudio.com\/wp-content\/uploads\/2025\/06\/HIP-HOP-BALLAD-PORTFOLIO-FIVERR-.mp4<\/a><\/video><\/div>\n<p>Pop pesma producirana za nezavisnog autora u usponu<\/p>\n<div style=\"width: 1080px;\" class=\"wp-video\"><video class=\"wp-video-shortcode\" id=\"video-330-4\" width=\"1080\" height=\"608\" preload=\"metadata\" controls=\"controls\"><source type=\"video\/mp4\" src=\"https:\/\/srbinsoundstudio.com\/wp-content\/uploads\/2025\/06\/KASIA-FIORENCIS-PROMO-ZA-SAJT.mp4?_=4\" \/><a href=\"https:\/\/srbinsoundstudio.com\/wp-content\/uploads\/2025\/06\/KASIA-FIORENCIS-PROMO-ZA-SAJT.mp4\">https:\/\/srbinsoundstudio.com\/wp-content\/uploads\/2025\/06\/KASIA-FIORENCIS-PROMO-ZA-SAJT.mp4<\/a><\/video><\/div>\n<p>&nbsp;<\/p>\n<p>[\/et_pb_toggle][\/et_pb_column][\/et_pb_row][et_pb_row _builder_version=&#8221;4.27.4&#8243; _module_preset=&#8221;default&#8221; custom_padding=&#8221;0px|||||&#8221; global_colors_info=&#8221;{}&#8221;][et_pb_column type=&#8221;4_4&#8243; _builder_version=&#8221;4.27.4&#8243; _module_preset=&#8221;default&#8221; global_colors_info=&#8221;{}&#8221;][et_pb_toggle title=&#8221;MUSIC FOR FILM, TV &#038; MEDIA&#8221; _builder_version=&#8221;4.27.4&#8243; _module_preset=&#8221;default&#8221; hover_enabled=&#8221;0&#8243; global_colors_info=&#8221;{}&#8221; sticky_enabled=&#8221;0&#8243;]<\/p>\n<p>Muzi\u010dka tema iz kratkog animiranog filma<\/p>\n<div style=\"width: 1080px;\" class=\"wp-video\"><video class=\"wp-video-shortcode\" id=\"video-330-5\" width=\"1080\" height=\"608\" preload=\"metadata\" controls=\"controls\"><source type=\"video\/mp4\" src=\"https:\/\/srbinsoundstudio.com\/wp-content\/uploads\/2025\/06\/MIRELA-DRVO-ZIVOTA-ZA-SAJT.mp4?_=5\" \/><a href=\"https:\/\/srbinsoundstudio.com\/wp-content\/uploads\/2025\/06\/MIRELA-DRVO-ZIVOTA-ZA-SAJT.mp4\">https:\/\/srbinsoundstudio.com\/wp-content\/uploads\/2025\/06\/MIRELA-DRVO-ZIVOTA-ZA-SAJT.mp4<\/a><\/video><\/div>\n<p>Zavr\u0161na melodija iz popularnog TV \u0161oua<\/p>\n<p><iframe loading=\"lazy\" title=\"\u041f\u0443\u0446\u0430\u0458 \u0443 \u0441\u0432\u0435 \u043d\u0435\u043f\u0440\u0438\u0458\u0430\u0442\u0435\u0459\u0435\" width=\"1080\" height=\"810\" src=\"https:\/\/www.youtube.com\/embed\/X0J8TVxwc3w?feature=oembed\"  allow=\"accelerometer; autoplay; clipboard-write; encrypted-media; gyroscope; picture-in-picture; web-share\" referrerpolicy=\"strict-origin-when-cross-origin\" allowfullscreen><\/iframe><\/p>\n<p>Muzika iz dokumentarca \u010de\u0161ke televizije o Indiji<\/p>\n<p><iframe loading=\"lazy\" title=\"\u0418\u043d\u0434\u0438\u0458\u0441\u043a\u0438 \u0443\u0436\u0438\u0442\u0430\u043a\" width=\"1080\" height=\"810\" src=\"https:\/\/www.youtube.com\/embed\/omG43FIDmes?feature=oembed\"  allow=\"accelerometer; autoplay; clipboard-write; encrypted-media; gyroscope; picture-in-picture; web-share\" referrerpolicy=\"strict-origin-when-cross-origin\" allowfullscreen><\/iframe><\/p>\n<p>Epska avanturisti\u010dka tema<\/p>\n<p><iframe loading=\"lazy\" title=\"\u041d\u0435\u043a\u0430 \u043f\u043e\u0442\u0440\u0430\u0433\u0430 \u043f\u043e\u0447\u043d\u0435\" width=\"1080\" height=\"810\" src=\"https:\/\/www.youtube.com\/embed\/jFruuGf6zVA?feature=oembed\"  allow=\"accelerometer; autoplay; clipboard-write; encrypted-media; gyroscope; picture-in-picture; web-share\" referrerpolicy=\"strict-origin-when-cross-origin\" allowfullscreen><\/iframe><\/p>\n<p>Muzika komponovana za muzi\u010dko takmi\u010denje \"Westworld\"<\/p>\n<p><iframe loading=\"lazy\" title=\"\u0422\u0410\u041a\u041c\u0418\u0427\u0415\u040a\u0415 \u0423 \u0411\u041e\u0414\u041e\u0412\u0410\u040a\u0423 \u0417\u0410\u041f\u0410\u0414\u0410 \u0417\u0410\u041f\u0410\u0414\u0410 \u0417\u0410\u041f\u0410\u0414\u0410 \u0417\u0410\u041f\u0410\u0414\u0410 \u0417\u0410\u041f\u0410\u0414\u0410 \u0417\u0410\u041f\u0410\u0414\u0410 \u0417\u0410\u041f\u0410\u0414\u0410 \u0417\u0410\u041f\u0410\u0414\u0410 \u0417\u0410\u041f\u0410\u0414\u0410_\u043f\u0440\u0438\u0458\u0430\u0432\u0430 \u0410\u043b\u0435\u043a\u0441\u0430\u043d\u0434\u0440\u0430 \u0421\u0440\u0431\u0430_#westworldscoringcompetition2020\" width=\"1080\" height=\"608\" src=\"https:\/\/www.youtube.com\/embed\/UU_VI3kLBTo?feature=oembed\"  allow=\"accelerometer; autoplay; clipboard-write; encrypted-media; gyroscope; picture-in-picture; web-share\" referrerpolicy=\"strict-origin-when-cross-origin\" allowfullscreen><\/iframe><\/p>\n<p>Muzika komponovana za promo i eksplejner video<\/p>\n<p><iframe loading=\"lazy\" title=\"\u041f\u0435\u0441\u043c\u0430 \u0437\u0430 \u041a\u0430\u0442\u0430\u0440 | \u041e\u0434\u0430 \u041f\u0438\u043a\u0441\u0438\u0458\u0443 \u0438 \u0440\u0435\u043f\u0440\u0435\u0437\u0435\u043d\u0442\u0430\u0446\u0438\u0458\u0438 | \u041f\u0435\u0441\u043c\u0430 \u041a\u0430\u0442\u0430\u0440 | \u041f\u0435\u0441\u043c\u0430 \u0437\u0430 \u041a\u0430\u0442\u0430\u0440 \u0421\u0440\u0431\u0438\u0458\u0430 | \u0425\u0438\u043c\u043d\u0430 \u0421\u0440\u0431\u0438\u0458\u0430\" width=\"1080\" height=\"608\" src=\"https:\/\/www.youtube.com\/embed\/YukAyWSngl0?feature=oembed\"  allow=\"accelerometer; autoplay; clipboard-write; encrypted-media; gyroscope; picture-in-picture; web-share\" referrerpolicy=\"strict-origin-when-cross-origin\" allowfullscreen><\/iframe><\/p>\n<p>[\/et_pb_toggle][et_pb_toggle title=&#8221;CHILDREN&#8217;S SONGS&#8221; _builder_version=&#8221;4.27.4&#8243; _module_preset=&#8221;default&#8221; global_colors_info=&#8221;{}&#8221;]<\/p>\n<p>&nbsp;<\/p>\n<p>Originalna de\u010dija pesma - kompozicija i produkcija za pisca tekstova po\u010detnika<\/p>\n<p><iframe loading=\"lazy\" title=\"\u0415\u043d\u0434\u0438 \u0425\u0440\u0430\u0431\u0440\u0438 | \u041f\u0435\u0441\u043c\u0430 \u043e \u0448\u0438\u0448\u0430\u045a\u0443 | \u0415\u043d\u0434\u0438\u0458\u0435\u0432\u0430 \u0436\u0443\u0440\u043a\u0430 | \u041d\u0430\u0458\u0431\u043e\u0459\u0435 \u043f\u0435\u0441\u043c\u0435 \u0437\u0430 \u0434\u0435\u0446\u0443\" width=\"1080\" height=\"608\" src=\"https:\/\/www.youtube.com\/embed\/YfRjLwiEEQ0?feature=oembed\"  allow=\"accelerometer; autoplay; clipboard-write; encrypted-media; gyroscope; picture-in-picture; web-share\" referrerpolicy=\"strict-origin-when-cross-origin\" allowfullscreen><\/iframe><\/p>\n<p>De\u010dija pesma po porud\u017ebini - produkcija za dugogodi\u0161njeg pisca tekstova<\/p>\n<p><iframe loading=\"lazy\" title=\"\u0414\u0415\u0410\u0420 \u0408\u041e\u0425\u041d\u041d\u0418 \/ \u0414\u0420\u0410\u0413\u0418 \u040f\u041e\u041d\u0418 - \u0432\u0435\u0440\u0437\u0438\u0458\u0430 \u043f\u0435\u0441\u043c\u0438\u0446\u0435 \u043d\u0430 \u0435\u043d\u0433\u043b\u0435\u0441\u043a\u043e\u043c \u0458\u0435\u0437\u0438\u043a\u0443 || \u041f\u0435\u0441\u043c\u0438\u0446\u0435 \u0437\u0430 \u0434\u0435\u0446\u0443 || \u041f\u0435\u0441\u043c\u0435 \u0437\u0430 \u0434\u0435\u0446\u0443\" width=\"1080\" height=\"608\" src=\"https:\/\/www.youtube.com\/embed\/k35UR69Z44Q?feature=oembed\"  allow=\"accelerometer; autoplay; clipboard-write; encrypted-media; gyroscope; picture-in-picture; web-share\" referrerpolicy=\"strict-origin-when-cross-origin\" allowfullscreen><\/iframe><\/p>\n<p data-start=\"273\" data-end=\"345\">Prva de\u010dija pesma - komponovana, aran\u017eirana i producirana od nule<\/p>\n<p><iframe loading=\"lazy\" title=\"\u0412\u043e\u043b\u0438\u043c\u043e \u0442\u0435 \u0442\u0430\u0442\u0430 - \u041f\u0435\u0441\u043c\u0430 \u0437\u0430 \u0442\u0430\u0442\u0443\" width=\"1080\" height=\"608\" src=\"https:\/\/www.youtube.com\/embed\/HCi6sVZlmOM?list=PLdBE_oNQVluh08he03Q8NJEwrj0sP4_IM\"  allow=\"accelerometer; autoplay; clipboard-write; encrypted-media; gyroscope; picture-in-picture; web-share\" referrerpolicy=\"strict-origin-when-cross-origin\" allowfullscreen><\/iframe><\/p>\n<p>[\/et_pb_toggle][\/et_pb_column][\/et_pb_row][\/et_pb_section]<\/p>","protected":false},"excerpt":{"rendered":"<p>Portfolio Listen to Our Work Here\u2019s a glimpse into some of our recent work across different categories. Music for Media TV &amp; Film Themes Commercial &amp; Brand Music Online Media Scores Pop &amp; Vocal Productions Custom songs for artists Children\u2019s music &amp; educational tracks Melody-to-full-song demos Showreel PreviewsSong Co-authored for a Serbian Pop Star <\/p>","protected":false},"author":2,"featured_media":0,"parent":0,"menu_order":0,"comment_status":"closed","ping_status":"closed","template":"","meta":{"_et_pb_use_builder":"on","_et_pb_old_content":"","_et_gb_content_width":"","footnotes":""},"class_list":["post-330","page","type-page","status-publish","hentry"],"_links":{"self":[{"href":"https:\/\/srbinsoundstudio.com\/sr\/wp-json\/wp\/v2\/pages\/330","targetHints":{"allow":["GET"]}}],"collection":[{"href":"https:\/\/srbinsoundstudio.com\/sr\/wp-json\/wp\/v2\/pages"}],"about":[{"href":"https:\/\/srbinsoundstudio.com\/sr\/wp-json\/wp\/v2\/types\/page"}],"author":[{"embeddable":true,"href":"https:\/\/srbinsoundstudio.com\/sr\/wp-json\/wp\/v2\/users\/2"}],"replies":[{"embeddable":true,"href":"https:\/\/srbinsoundstudio.com\/sr\/wp-json\/wp\/v2\/comments?post=330"}],"version-history":[{"count":32,"href":"https:\/\/srbinsoundstudio.com\/sr\/wp-json\/wp\/v2\/pages\/330\/revisions"}],"predecessor-version":[{"id":749,"href":"https:\/\/srbinsoundstudio.com\/sr\/wp-json\/wp\/v2\/pages\/330\/revisions\/749"}],"wp:attachment":[{"href":"https:\/\/srbinsoundstudio.com\/sr\/wp-json\/wp\/v2\/media?parent=330"}],"curies":[{"name":"wp","href":"https:\/\/api.w.org\/{rel}","templated":true}]}}