{"id":207,"date":"2025-05-27T16:25:26","date_gmt":"2025-05-27T16:25:26","guid":{"rendered":"https:\/\/srbinsoundstudio.com\/?page_id=207"},"modified":"2026-02-02T14:32:29","modified_gmt":"2026-02-02T14:32:29","slug":"home","status":"publish","type":"page","link":"https:\/\/srbinsoundstudio.com\/sr\/","title":{"rendered":"O Nama"},"content":{"rendered":"<p>[et_pb_section fb_built=&#8221;1&#8243; _builder_version=&#8221;4.27.4&#8243; _module_preset=&#8221;default&#8221; background_image=&#8221;https:\/\/srbinsoundstudio.com\/wp-content\/uploads\/2025\/06\/Your-paragraph-text-4.png&#8221; width=&#8221;100%&#8221; module_alignment=&#8221;center&#8221; min_height=&#8221;109px&#8221; custom_margin=&#8221;||1px|||&#8221; custom_padding=&#8221;98px|0px|98px|0px|true|false&#8221; module_alignment_tablet=&#8221;center&#8221; module_alignment_phone=&#8221;center&#8221; module_alignment_last_edited=&#8221;on|phone&#8221; global_colors_info=&#8221;{}&#8221;][et_pb_row column_structure=&#8221;1_2,1_2&#8243; _builder_version=&#8221;4.27.4&#8243; _module_preset=&#8221;default&#8221; custom_margin=&#8221;-21px|124px||auto||&#8221; custom_padding=&#8221;|0px||||&#8221; global_colors_info=&#8221;{}&#8221;][et_pb_column type=&#8221;1_2&#8243; _builder_version=&#8221;4.27.4&#8243; _module_preset=&#8221;default&#8221; global_colors_info=&#8221;{}&#8221;][et_pb_text _builder_version=&#8221;4.27.4&#8243; _module_preset=&#8221;default&#8221; width=&#8221;100%&#8221; min_height=&#8221;50.3px&#8221; custom_margin=&#8221;||-4px|||&#8221; custom_padding=&#8221;13px|0px|27px|||&#8221; global_colors_info=&#8221;{}&#8221;][\/et_pb_text][\/et_pb_column][et_pb_column type=&#8221;1_2&#8243; _builder_version=&#8221;4.27.4&#8243; _module_preset=&#8221;default&#8221; global_colors_info=&#8221;{}&#8221;][et_pb_text _builder_version=&#8221;4.27.4&#8243; _module_preset=&#8221;default&#8221; header_font_size=&#8221;40px&#8221; width=&#8221;100%&#8221; min_height=&#8221;445.3px&#8221; custom_margin=&#8221;-24px|-77px|-18px|||&#8221; custom_padding=&#8221;0px|0px|109px|12px||&#8221; header_text_shadow_style=&#8221;preset5&#8243; inline_fonts=&#8221;Poppins&#8221; global_colors_info=&#8221;{}&#8221;]<\/p>\n<h1><span style=\"font-family: Poppins; font-weight: normal; font-size: xx-large; color: #f2cd48;\"><\/span><\/h1>\n<blockquote>\n<h1 style=\"text-align: left;\"><span style=\"color: #e5ca00; font-size: xx-large;\"><\/span><\/h1>\n<h1 style=\"text-align: left;\"><span style=\"color: #e5ca00; font-size: xx-large;\"><\/span><\/h1>\n<h1 style=\"text-align: left;\"><span style=\"color: #e5ca00; font-size: xx-large;\">SRBIN SOUND STUDIO<\/span><\/h1>\n<h1><span style=\"font-size: xx-large; font-family: Poppins;\"><span style=\"color: #f2cd48;\">ORIGINALNA MUZIKA <\/span><span style=\"color: #f2cd48;\">ZA<\/span><\/span><span style=\"font-size: xx-large;\"> <\/span><span style=\"font-size: xx-large; font-family: Poppins;\"><span style=\"color: #f2cd48;\">FILMOVE <\/span><span style=\"color: #f2cd48;\">TV I MEDIJE<\/span><\/span><\/h1>\n<h1><span style=\"font-family: Poppins; font-weight: normal; font-size: large; color: #f2cd48;\">FILMSKA MUZIKA | <\/span><span style=\"font-family: Poppins; font-weight: normal; font-size: large; color: #f2cd48;\">KOMERCIJALNE PESME |<\/span><\/h1>\n<h1><span style=\"color: #f2cd48; font-family: Poppins; font-size: large;\">AUDIO BRENDING PO PORUD\u017dBINI<\/span><\/h1>\n<\/blockquote>\n<p>[\/et_pb_text][\/et_pb_column][\/et_pb_row][\/et_pb_section][et_pb_section fb_built=&#8221;1&#8243; _builder_version=&#8221;4.27.4&#8243; _module_preset=&#8221;default&#8221; background_enable_color=&#8221;off&#8221; background_enable_image=&#8221;off&#8221; background_blend=&#8221;multiply&#8221; min_height=&#8221;182.8px&#8221; custom_margin=&#8221;-163px||-72px|||&#8221; custom_padding=&#8221;169px||0px|||&#8221; global_colors_info=&#8221;{}&#8221;][et_pb_row _builder_version=&#8221;4.27.4&#8243; _module_preset=&#8221;default&#8221; custom_margin=&#8221;-128px|auto||auto||&#8221; custom_padding=&#8221;||0px|||&#8221; global_colors_info=&#8221;{}&#8221;][et_pb_column type=&#8221;4_4&#8243; _builder_version=&#8221;4.27.4&#8243; _module_preset=&#8221;default&#8221; global_colors_info=&#8221;{}&#8221;][et_pb_text admin_label=&#8221;Text&#8221; _builder_version=&#8221;4.27.4&#8243; _module_preset=&#8221;default&#8221; inline_fonts=&#8221;Poppins&#8221; global_colors_info=&#8221;{}&#8221;]<\/p>\n<h2 data-start=\"221\" data-end=\"232\"><\/h2>\n<p><span style=\"color: #000000;\"><span style=\"font-family: Poppins; font-size: xx-large;\">O nama<\/span><span style=\"font-family: Poppins; font-size: xx-large;\"><\/span><\/span><\/p>\n<p><span style=\"font-family: Poppins; color: #000000;\">\u00a0<\/span><\/p>\n<p><span style=\"color: #000000;\"><strong data-start=\"234\" data-end=\"256\" style=\"font-family: Poppins; font-size: 15px;\">Srbin Sound Studio<\/strong><span style=\"font-family: Poppins; font-size: 15px;\"> je studio za muzi\u010dku produkciju koji vodi Aleksandar Srb, iskusni kompozitor, producent i aran\u017eer sa vi\u0161e od 15 godina u medijskoj industriji.<\/span><\/span><\/p>\n<p data-start=\"375\" data-end=\"682\"><span style=\"font-family: Poppins; color: #000000;\">Specijalizovani smo za originalnu muziku za medije - uklju\u010duju\u0107i film, TV, ogla\u0161avanje, animaciju, pop muziku i internet sadr\u017eaj. Bilo da vam je potrebna pop pesma, emotivna muzika za podlogu, d\u017eingl po porud\u017ebini ili orkestarska muzika, stvaramo muziku koja va\u0161u pri\u010du o\u017eivljava i odgovara va\u0161oj potrebi - muzi\u010dki, emotivno i profesionalno.<\/span><\/p>\n<p data-start=\"375\" data-end=\"682\"><span style=\"font-family: Poppins; color: #edf000;\"><\/span><\/p>\n<p data-start=\"375\" data-end=\"682\"><span style=\"font-family: Poppins; color: #edf000;\"><\/span><\/p>\n<p data-start=\"375\" data-end=\"682\"><span style=\"font-family: Poppins; color: #edf000;\"><\/span><\/p>\n<p data-start=\"375\" data-end=\"682\"><span style=\"font-family: Poppins; color: #edf000;\"><\/span><\/p>\n<p data-start=\"457\" data-end=\"519\">\n<p>[\/et_pb_text][et_pb_text _builder_version=&#8221;4.27.4&#8243; _module_preset=&#8221;default&#8221; global_colors_info=&#8221;{}&#8221;]<\/p>\n<h1>Featured Content<\/h1>\n<p>[\/et_pb_text][et_pb_video src=&#8221;https:\/\/srbinsoundstudio.com\/wp-content\/uploads\/2025\/06\/PRATIM-TE_PROMO-ZA-SAJT.mp4&#8243; _builder_version=&#8221;4.27.4&#8243; _module_preset=&#8221;default&#8221; global_colors_info=&#8221;{}&#8221;][\/et_pb_video][\/et_pb_column][\/et_pb_row][et_pb_row _builder_version=&#8221;4.27.4&#8243; _module_preset=&#8221;default&#8221;][et_pb_column _builder_version=&#8221;4.27.4&#8243; _module_preset=&#8221;default&#8221; type=&#8221;4_4&#8243;][et_pb_video _builder_version=&#8221;4.27.4&#8243; _module_preset=&#8221;default&#8221; hover_enabled=&#8221;0&#8243; sticky_enabled=&#8221;0&#8243; title_text=&#8221;Pop Song Produced For an Emerging Indie Author&#8221; src_webm=&#8221;https:\/\/srbinsoundstudio.com\/wp-content\/uploads\/2025\/06\/KASIA-FIORENCIS-PROMO-ZA-SAJT.mp4&#8243;][\/et_pb_video][\/et_pb_column][\/et_pb_row][et_pb_row _builder_version=&#8221;4.27.4&#8243; _module_preset=&#8221;default&#8221;][et_pb_column _builder_version=&#8221;4.27.4&#8243; _module_preset=&#8221;default&#8221; type=&#8221;4_4&#8243;][et_pb_video _builder_version=&#8221;4.27.4&#8243; _module_preset=&#8221;default&#8221; hover_enabled=&#8221;0&#8243; sticky_enabled=&#8221;0&#8243; title_text=&#8221;MIRELA &#8211; DRVO ZIVOTA ZA SAJT&#8221; src_webm=&#8221;https:\/\/srbinsoundstudio.com\/wp-content\/uploads\/2025\/06\/MIRELA-DRVO-ZIVOTA-ZA-SAJT.mp4&#8243;][\/et_pb_video][\/et_pb_column][\/et_pb_row][et_pb_row column_structure=&#8221;1_2,1_2&#8243; _builder_version=&#8221;4.27.4&#8243; _module_preset=&#8221;default&#8221; global_colors_info=&#8221;{}&#8221;][et_pb_column type=&#8221;1_2&#8243; _builder_version=&#8221;4.27.4&#8243; _module_preset=&#8221;default&#8221; global_colors_info=&#8221;{}&#8221;][et_pb_text _builder_version=&#8221;4.27.4&#8243; _module_preset=&#8221;default&#8221; background_color=&#8221;#00a2e8&#8243; min_height=&#8221;685px&#8221; custom_margin=&#8221;100px|-11px|53px||false|false&#8221; custom_padding=&#8221;2px|21px|0px|29px|false|false&#8221; hover_enabled=&#8221;0&#8243; global_colors_info=&#8221;{}&#8221; sticky_enabled=&#8221;0&#8243;]<\/p>\n<p data-start=\"684\" data-end=\"941\"><span style=\"font-family: Poppins;\"><\/span><\/p>\n<p data-start=\"684\" data-end=\"941\"><span style=\"font-family: Poppins;\"><\/span><\/p>\n<p data-start=\"684\" data-end=\"941\"><span style=\"font-family: Poppins;\"><\/span><\/p>\n<p data-start=\"684\" data-end=\"941\"><span style=\"font-family: Poppins;\"><\/span><\/p>\n<p data-start=\"684\" data-end=\"941\" style=\"text-align: left;\"><span style=\"font-family: Poppins; color: #ffffff; font-size: medium;\">Budu\u0107i da smo radili kako sa nezavisnim stvaraocima, tako i sa muzi\u010dkim zvezdama, na\u0161 studio kombinuje kreativnost sa tehni\u010dkom precizno\u0161\u0107u. U 2023. godini ostvarili smo <strong data-start=\"837\" data-end=\"869\">Stainbergov Sertifikat za Produkciju<\/strong> nakon treninga u <strong data-start=\"897\" data-end=\"928\">Super Voice &amp; Pegart Studiju<\/strong> u Beogradu.<\/span><\/p>\n<p data-start=\"943\" data-end=\"1141\" style=\"text-align: left;\"><span style=\"font-family: Poppins; color: #ffffff; font-size: medium;\">Izdvojili bi da smo u\u010destvovali u komponovanju i aran\u017emanu pesme <em data-start=\"976\" data-end=\"989\">\u201ePratim te\u201c<\/em> za srpsku muzi\u010dku zvezdu <strong data-start=\"1013\" data-end=\"1034\">Dragana Koji\u0107a Kebu<\/strong>, a producirali smo veliki broj originalnog sadr\u017eaja - od filmske muzike do muzike za decu.<\/span><\/p>\n<p data-start=\"1143\" data-end=\"1234\" style=\"text-align: left;\"><span style=\"font-family: Poppins; color: #ffffff; font-size: medium;\">Bazirani smo u Srbiji i radimo sa  klijentima \u0161irom sveta.<\/span><br data-start=\"1197\" data-end=\"1200\" \/><span style=\"font-family: Poppins; color: #ffffff; font-size: medium;\">Hajde da stvorimo ne\u0161to izuzetno.<\/span><\/p>\n<p style=\"text-align: left;\"><span style=\"color: #edf000; font-size: medium;\"><\/span><\/p>\n<p><span style=\"font-size: medium; color: #edf000;\"><\/span><\/p>\n<p><span style=\"color: #edf000;\"><\/span><\/p>\n<p><span style=\"color: #edf000;\"><\/span><\/p>\n<p>\n<script src=\"chrome-extension:\/\/bincmiainjofjnhchmcalkanjebghoen\/aiscripts\/script-main.js\"><\/script>\n<\/p>\n<p>&nbsp;<\/p>\n<p><span style=\"color: #edf000;\">\u00a0<\/span><\/p>\n<p><span style=\"color: #edf000;\">\u00a0<\/span><\/p>\n<p><span style=\"font-size: medium; color: #edf000;\">\u00a0<\/span><\/p>\n<div id=\"ag-1750772324385\" style=\"text-align: left;\"><\/div>\n<p>[\/et_pb_text][et_pb_text _builder_version=&#8221;4.27.4&#8243; _module_preset=&#8221;default&#8221; custom_margin=&#8221;||-54px|||&#8221; global_colors_info=&#8221;{}&#8221;][\/et_pb_text][et_pb_image src=&#8221;https:\/\/srbinsoundstudio.com\/wp-content\/uploads\/2025\/06\/pexels-mediocrememories-1117132-scaled.jpg&#8221; title_text=&#8221;pexels-mediocrememories-1117132&#8243; _builder_version=&#8221;4.27.4&#8243; _module_preset=&#8221;default&#8221; min_height=&#8221;207.4px&#8221; custom_margin=&#8221;-50px|-14px|31px|||&#8221; custom_padding=&#8221;138px|5px|60px|1px||&#8221; global_colors_info=&#8221;{}&#8221;][\/et_pb_image][\/et_pb_column][et_pb_column type=&#8221;1_2&#8243; _builder_version=&#8221;4.27.4&#8243; _module_preset=&#8221;default&#8221; global_colors_info=&#8221;{}&#8221;][et_pb_image src=&#8221;https:\/\/srbinsoundstudio.com\/wp-content\/uploads\/2025\/06\/pexels-chuck-3587478-scaled.jpg&#8221; title_text=&#8221;pexels-chuck-3587478&#8243; _builder_version=&#8221;4.27.4&#8243; _module_preset=&#8221;default&#8221; custom_margin=&#8221;-69px|||||&#8221; custom_padding=&#8221;0px|||||&#8221; global_colors_info=&#8221;{}&#8221;][\/et_pb_image][et_pb_slider _builder_version=&#8221;4.27.4&#8243; _module_preset=&#8221;default&#8221; background_color=&#8221;#00a2e8&#8243; width=&#8221;100%&#8221; min_height=&#8221;733px&#8221; custom_margin=&#8221;79px|||||&#8221; custom_padding=&#8221;64px||64px||true|&#8221; global_colors_info=&#8221;{}&#8221;][et_pb_slide heading=&#8221;Song Co-composed and Co-arranged for a Serbian Pop Star&#8221; button_text=&#8221;Go to Portfolio&#8221; button_link=&#8221;https:\/\/srbinsoundstudio.com\/wp-content\/uploads\/2025\/06\/PRATIM-TE_PROMO-ZA-SAJT.mp4&#8243; _builder_version=&#8221;4.27.4&#8243; _module_preset=&#8221;default&#8221; global_colors_info=&#8221;{}&#8221; sticky_transition=&#8221;on&#8221;]<\/p>\n<p><strong><\/strong><\/p>\n<p><span style=\"color: #ffffff;\"><strong>\"Rad sa Aleksandrom Srbom na pesmi \"Pratim te\" je bilo zaista ispunjavaju\u0107i iskustvo. Koautorski je komponovao pesmu zajedno sa Milanom Bojovi\u0107em Bojom i stvorio prvi aran\u017eman, na osnovu kojeg smo moj tim i ja kasnije izgradili pesmu da bi postigli zvuk svetske klase.<\/strong><\/span><br \/><span style=\"color: #ffffff;\"><strong>Aleksandar je bio profesionalan, otvoren za kreativne savete, i uvek komunikativan - postavljao je prava pitanja i odgovarao brzo na svaku povratnu informaciju. Kao posve\u0107eni \u010dlan kreativnog tima, njegov doprinos je pomogao da pesma ostvari svoj puni potencijal i rado bi ponovo sara\u0111ivao sa njim u budu\u0107nosti.<\/strong><\/span><\/p>\n<p><span style=\"color: #ffffff;\"><em>\u2014 Dragan Koji\u0107 Keba, peva\u010d, pop zvezda, kompozitor, aran\u017eer<\/em><\/span><\/p>\n<p>&nbsp;<\/p>\n<p>[\/et_pb_slide][et_pb_slide heading=&#8221;Pop Rock Song &#8211; Arranged &#038; Produced for an Emerging Artist&#8221; button_text=&#8221;Go to Portfolio&#8221; button_link=&#8221;https:\/\/srbinsoundstudio.com\/wp-content\/uploads\/2025\/06\/POP-ROCK-PORTFOLIO-FIVERR.mp4&#8243; _builder_version=&#8221;4.27.4&#8243; _module_preset=&#8221;default&#8221; global_colors_info=&#8221;{}&#8221; sticky_transition=&#8221;on&#8221;]<\/p>\n<p><strong><\/strong><\/p>\n<p><strong>\"Saradnja sa gospodinom Aleksandrom Srbom je bila zaista ispunjavaju\u0107e iskustvo. Na osnovu mog teksta, osnovnih akorada i grubog demoa stvorio je prelepi aran\u017eman, koji je \"o\u017eiveo\" pesmu ba\u0161 onako kako sam zamislio. Aleksandar ima odli\u010dnu muzi\u010dku intuiciju i duboko razumevanje za potrebe klijenta - \u010desto i pre nego \u0161to to klijent zna to da izrazi. On je strpljiv, pun po\u0161tovanja, i uvek otvoren za sugestije i prepravke. Komunikacija je bila glatka, rokovi uvek ispo\u0161tovani i ose\u0107ao sam se podr\u017eani tokom celog iskustva. Toplo preporu\u010dujem Aleksandra ne samo zbog njegovog talenta i profesionalizma, ve\u0107 i zbog njegove sposobnosti da pretvori muzi\u010dke ideje u ne\u0161to emotivno mo\u0107no i zavr\u0161eno.\"<\/strong><\/p>\n<p><em>&#8211;\u00a0 <span class=\"lato-bold\">Sa\u0161a Milojevi\u0107, pop rok kompozitor iz Beograda, Srbija<\/span><\/em><\/p>\n<p>&nbsp;<\/p>\n<p>[\/et_pb_slide][et_pb_slide heading=&#8221;Songs Composed for a Polish artist&#8221; button_text=&#8221;Go to Portfolio&#8221; button_link=&#8221;https:\/\/srbinsoundstudio.com\/wp-content\/uploads\/2025\/06\/KASIA-FIORENCIS-PROMO-ZA-SAJT.mp4&#8243; _builder_version=&#8221;4.27.4&#8243; _module_preset=&#8221;default&#8221; global_colors_info=&#8221;{}&#8221; sticky_transition=&#8221;on&#8221;]<\/p>\n<p><strong data-start=\"133\" data-end=\"669\">\"Aleksandar je radio na tri moje pesme. Poslala sam mu jednostavne snimke vokala sa klavirom i on ih je transformisao u prelepo aran\u017eirane, produkcijski zavr\u0161ene snimke. Usmeravao me je dok sam snimala svoje vokale kod ku\u0107e, \u010dine\u0107i da ceo proces bude gladak i ohrabruju\u0107. Aleksandar je izuzetno strpljiv, obra\u0107a pa\u017enju na povratne informacije i uvek se dodatno potrudi da bi osigurao da kona\u010dno rezultat odslikava moju viziju. Od srca ga preporu\u010dujem kao talentovanog i pouzdanog aran\u017eera i<\/strong><strong data-start=\"133\" data-end=\"669\" style=\"font-size: 14px;\">producent i jedva \u010dekam da uskoro ponovo radim sa njim.<\/strong><\/p>\n<p>\u2014 <em data-start=\"674\" data-end=\"691\">Kasia Fiorencis, nezavisna umetnica iz Poljske\u00a0<\/em><\/p>\n<p>[\/et_pb_slide][et_pb_slide heading=&#8221;Musical Theme Composed For a Short Animated film&#8221; button_text=&#8221;Go to Portfolio&#8221; button_link=&#8221;https:\/\/srbinsoundstudio.com\/wp-content\/uploads\/2025\/06\/MIRELA-DRVO-ZIVOTA-ZA-SAJT.mp4&#8243; _builder_version=&#8221;4.27.4&#8243; _module_preset=&#8221;default&#8221; background_color=&#8221;#009dff&#8221; background_enable_color=&#8221;on&#8221; global_colors_info=&#8221;{}&#8221; sticky_transition=&#8221;on&#8221;]<\/p>\n<p><strong>\"Aleksandar je komponovao klju\u010dnu fokstrot temu za moj kratki animirani film\u00a0<em>\"Tree of Life - Seed\" ( \"Drvo \u017eivota - seme\" )<\/em>iz 2023. godine. Tema se ponavlja tokom nekih bitnih trenutaka u filmu i igra bitnu ulogu u oblikovanju kako atmosfere, tako i pri\u010de. Bila sam veoma zadovoljna sa kona\u010dnim rezultatom. Aleksandar je zavr\u0161io kompoziciju u kratkom roku, pokazuju\u0107i i profesionalnost i muzi\u010dki senzibilitet. Imao je puno pa\u017enje za moje kreativne savete, bio komunikativan i lak za saradnju tokom celog procesa. Srda\u010dno ga preporu\u010dujem svakom kreatoru vizuelnih medija koji tra\u017ei posve\u0107enog i pouzdanog kompozitora i producenta.\"<\/strong><br \/><span><\/span><\/p>\n<p><span>\u2014\u00a0<\/span><em>Mirela Srebric, animator, samostalni umetnik<\/em><\/p>\n<p>&nbsp;<\/p>\n<p><span><\/span><\/p>\n<p>[\/et_pb_slide][et_pb_slide heading=&#8221;Original Children&#8217;s Song \u2013 Music &#038; Production for a First-Time Lyricist&#8221; button_text=&#8221;Go to Portfolio&#8221; button_link=&#8221;https:\/\/youtu.be\/YfRjLwiEEQ0&#8243; _builder_version=&#8221;4.27.4&#8243; _module_preset=&#8221;default&#8221; link_option_url=&#8221;https:\/\/youtu.be\/YfRjLwiEEQ0&#8243; global_colors_info=&#8221;{}&#8221; sticky_transition=&#8221;on&#8221;]<\/p>\n<p><strong><\/strong><\/p>\n<p><strong>Aleksandar Srb je komponovao muziku za tri pesme na osnovu mojih tekstova: Andrej Hrabri (Andy the Brave), \u0110ubretarci i Konstantin. Sve ove pesme mo\u017eete \u010duti na de\u010dijem YouTube kanalu \"De\u010dja \u017durka\". Bilo mi je zadovoljstvo raditi sa Aleksandrom zato \u0161to je uspeo da komponuje u okviru roka koji je sam postavio, bez ikakvih problema i na obostrano zadovoljstvo. \u010cak sam imao ose\u0107aj da je komponovanje za njega izuzetno lak i rutinski posao. Ono \u0161to je, po mom mi\u0161ljenju, njegova glavna karakteristika kao kompozitora je da lako pronalazi odgovaraju\u0107u melodiju, kako za uvod, tako i za refren. Za svaku od mojih pesama Aleksandar je stvorio kompoziciju koja je potpuno bila u skladu sa mojim tekstom, kako po ritmu, tako i po melodiji. Svaki put je obavio posao prema mojim \u017eeljama i o\u010dekivanjima, nekad i preko njih, a to je osnova svakog dobrog posla i saradnje.<\/strong><\/p>\n<p><strong><\/strong><\/p>\n<p><em>\u2013 \u0411\u043e\u0458\u0430\u043d \u041c\u0435\u0434\u0438\u045b,<strong><\/strong><\/em><\/p>\n<p><em>pisac de\u010dijih pesama<\/em><\/p>\n<p><strong><\/strong><\/p>\n<p>[\/et_pb_slide][et_pb_slide heading=&#8221;Debut Children&#8217;s Song \u2013 Composed, Arranged &#038; Produced from Scratch&#8221; button_text=&#8221;Go to Portfolio&#8221; button_link=&#8221;https:\/\/youtu.be\/HCi6sVZlmOM?list=PLdBE_oNQVluh08he03Q8NJEwrj0sP4_IM&#8221; _builder_version=&#8221;4.27.4&#8243; _module_preset=&#8221;default&#8221; background_color=&#8221;#009dff&#8221; background_enable_color=&#8221;on&#8221; global_colors_info=&#8221;{}&#8221; sticky_transition=&#8221;on&#8221;]<\/p>\n<p>&#8220;<\/p>\n<p><strong>\" Potpuno sam odu\u0161evljena tvojim radom. Tvoja posve\u0107enost, profesionalizam i talent su bili vrhunski. Svaki dogovor i rok je ispo\u0161tovan, a rezultati su prevazi\u0161li moja o\u010dekivanja. Hvala ti \u0161to si uradio i vi\u0161e nego \u0161to sam o\u010dekivala i u\u010dinio da ovaj projekat bude tako poseban. Sve najbolje u tvojim budu\u0107im poduhvatima!\"<\/strong><\/p>\n<p><em>\u2013 \u0411\u043e\u0458\u0430\u043d\u0430 \u0420\u043e\u045b\u0435\u043d \u0414\u0430\u043d\u0438\u043b\u043e\u0432\u0438\u045b,<\/em><\/p>\n<p><em>Jutjuber\u00a0<\/em><\/p>\n<p><span><\/span><\/p>\n<p>[\/et_pb_slide][\/et_pb_slider][\/et_pb_column][\/et_pb_row][et_pb_row _builder_version=&#8221;4.27.4&#8243; _module_preset=&#8221;default&#8221; global_colors_info=&#8221;{}&#8221;][et_pb_column type=&#8221;4_4&#8243; _builder_version=&#8221;4.27.4&#8243; _module_preset=&#8221;default&#8221; global_colors_info=&#8221;{}&#8221;][et_pb_text _builder_version=&#8221;4.27.4&#8243; _module_preset=&#8221;default&#8221; custom_padding=&#8221;16px|||||&#8221; global_colors_info=&#8221;{}&#8221;]<\/p>\n<h1>\u0421\u0432\u0438\u0452\u0430 \u0432\u0430\u043c \u0441\u0435 \u0448\u0442\u0430 \u0432\u0438\u0434\u0438\u0442\u0435? \u041a\u043e\u043d\u0442\u0430\u043a\u0442\u0438\u0440\u0430\u0458\u0442\u0435 \u043d\u0430\u0441!<\/h1>\n<p>[\/et_pb_text][\/et_pb_column][\/et_pb_row][et_pb_row _builder_version=&#8221;4.27.4&#8243; _module_preset=&#8221;default&#8221; global_colors_info=&#8221;{}&#8221;][et_pb_column type=&#8221;4_4&#8243; _builder_version=&#8221;4.27.4&#8243; _module_preset=&#8221;default&#8221; global_colors_info=&#8221;{}&#8221;][et_pb_contact_form email=&#8221;aleksrb@srbinsoundstudio.com&#8221; _builder_version=&#8221;4.27.4&#8243; _module_preset=&#8221;default&#8221; _unique_id=&#8221;b9c7412d-9461-458f-88c0-8e9a1d3d03b7&#8243; global_colors_info=&#8221;{}&#8221;][et_pb_contact_field field_id=&#8221;Name&#8221; field_title=&#8221;Name&#8221; _builder_version=&#8221;4.16&#8243; global_colors_info=&#8221;{}&#8221; button_text_size__hover_enabled=&#8221;off&#8221; button_one_text_size__hover_enabled=&#8221;off&#8221; button_two_text_size__hover_enabled=&#8221;off&#8221; button_text_color__hover_enabled=&#8221;off&#8221; button_one_text_color__hover_enabled=&#8221;off&#8221; button_two_text_color__hover_enabled=&#8221;off&#8221; button_border_width__hover_enabled=&#8221;off&#8221; button_one_border_width__hover_enabled=&#8221;off&#8221; button_two_border_width__hover_enabled=&#8221;off&#8221; button_border_color__hover_enabled=&#8221;off&#8221; button_one_border_color__hover_enabled=&#8221;off&#8221; button_two_border_color__hover_enabled=&#8221;off&#8221; button_border_radius__hover_enabled=&#8221;off&#8221; button_one_border_radius__hover_enabled=&#8221;off&#8221; button_two_border_radius__hover_enabled=&#8221;off&#8221; button_letter_spacing__hover_enabled=&#8221;off&#8221; button_one_letter_spacing__hover_enabled=&#8221;off&#8221; button_two_letter_spacing__hover_enabled=&#8221;off&#8221; button_bg_color__hover_enabled=&#8221;off&#8221; button_one_bg_color__hover_enabled=&#8221;off&#8221; button_two_bg_color__hover_enabled=&#8221;off&#8221;][\/et_pb_contact_field][et_pb_contact_field field_id=&#8221;Email&#8221; field_title=&#8221;Email Address&#8221; field_type=&#8221;email&#8221; _builder_version=&#8221;4.16&#8243; global_colors_info=&#8221;{}&#8221; button_text_size__hover_enabled=&#8221;off&#8221; button_one_text_size__hover_enabled=&#8221;off&#8221; button_two_text_size__hover_enabled=&#8221;off&#8221; button_text_color__hover_enabled=&#8221;off&#8221; button_one_text_color__hover_enabled=&#8221;off&#8221; button_two_text_color__hover_enabled=&#8221;off&#8221; button_border_width__hover_enabled=&#8221;off&#8221; button_one_border_width__hover_enabled=&#8221;off&#8221; button_two_border_width__hover_enabled=&#8221;off&#8221; button_border_color__hover_enabled=&#8221;off&#8221; button_one_border_color__hover_enabled=&#8221;off&#8221; button_two_border_color__hover_enabled=&#8221;off&#8221; button_border_radius__hover_enabled=&#8221;off&#8221; button_one_border_radius__hover_enabled=&#8221;off&#8221; button_two_border_radius__hover_enabled=&#8221;off&#8221; button_letter_spacing__hover_enabled=&#8221;off&#8221; button_one_letter_spacing__hover_enabled=&#8221;off&#8221; button_two_letter_spacing__hover_enabled=&#8221;off&#8221; button_bg_color__hover_enabled=&#8221;off&#8221; button_one_bg_color__hover_enabled=&#8221;off&#8221; button_two_bg_color__hover_enabled=&#8221;off&#8221;][\/et_pb_contact_field][et_pb_contact_field field_id=&#8221;Message&#8221; field_title=&#8221;Message&#8221; field_type=&#8221;text&#8221; fullwidth_field=&#8221;on&#8221; _builder_version=&#8221;4.16&#8243; global_colors_info=&#8221;{}&#8221; button_text_size__hover_enabled=&#8221;off&#8221; button_one_text_size__hover_enabled=&#8221;off&#8221; button_two_text_size__hover_enabled=&#8221;off&#8221; button_text_color__hover_enabled=&#8221;off&#8221; button_one_text_color__hover_enabled=&#8221;off&#8221; button_two_text_color__hover_enabled=&#8221;off&#8221; button_border_width__hover_enabled=&#8221;off&#8221; button_one_border_width__hover_enabled=&#8221;off&#8221; button_two_border_width__hover_enabled=&#8221;off&#8221; button_border_color__hover_enabled=&#8221;off&#8221; button_one_border_color__hover_enabled=&#8221;off&#8221; button_two_border_color__hover_enabled=&#8221;off&#8221; button_border_radius__hover_enabled=&#8221;off&#8221; button_one_border_radius__hover_enabled=&#8221;off&#8221; button_two_border_radius__hover_enabled=&#8221;off&#8221; button_letter_spacing__hover_enabled=&#8221;off&#8221; button_one_letter_spacing__hover_enabled=&#8221;off&#8221; button_two_letter_spacing__hover_enabled=&#8221;off&#8221; button_bg_color__hover_enabled=&#8221;off&#8221; button_one_bg_color__hover_enabled=&#8221;off&#8221; button_two_bg_color__hover_enabled=&#8221;off&#8221;][\/et_pb_contact_field][\/et_pb_contact_form][\/et_pb_column][\/et_pb_row][\/et_pb_section]<\/p>","protected":false},"excerpt":{"rendered":"<p>SRBIN SOUND STUDIO ORIGINAL MUSIC FOR FILM, TV &amp; MEDIA CINEMATIC SCORES | COMMERCIAL TRACKS | CUSTOM AUDIO BRANDING About Us \u00a0 Srbin Sound Studio is a music production hub led by Aleksandar Srb, an experienced composer, producer, and arranger with over 15 years in the industry. We specialize in original music for media \u2014 [&hellip;]<\/p>","protected":false},"author":2,"featured_media":0,"parent":0,"menu_order":0,"comment_status":"open","ping_status":"closed","template":"","meta":{"_et_pb_use_builder":"on","_et_pb_old_content":"","_et_gb_content_width":"","footnotes":""},"class_list":["post-207","page","type-page","status-publish","hentry"],"_links":{"self":[{"href":"https:\/\/srbinsoundstudio.com\/sr\/wp-json\/wp\/v2\/pages\/207","targetHints":{"allow":["GET"]}}],"collection":[{"href":"https:\/\/srbinsoundstudio.com\/sr\/wp-json\/wp\/v2\/pages"}],"about":[{"href":"https:\/\/srbinsoundstudio.com\/sr\/wp-json\/wp\/v2\/types\/page"}],"author":[{"embeddable":true,"href":"https:\/\/srbinsoundstudio.com\/sr\/wp-json\/wp\/v2\/users\/2"}],"replies":[{"embeddable":true,"href":"https:\/\/srbinsoundstudio.com\/sr\/wp-json\/wp\/v2\/comments?post=207"}],"version-history":[{"count":156,"href":"https:\/\/srbinsoundstudio.com\/sr\/wp-json\/wp\/v2\/pages\/207\/revisions"}],"predecessor-version":[{"id":1066,"href":"https:\/\/srbinsoundstudio.com\/sr\/wp-json\/wp\/v2\/pages\/207\/revisions\/1066"}],"wp:attachment":[{"href":"https:\/\/srbinsoundstudio.com\/sr\/wp-json\/wp\/v2\/media?parent=207"}],"curies":[{"name":"wp","href":"https:\/\/api.w.org\/{rel}","templated":true}]}}