{"id":207,"date":"2025-05-27T16:25:26","date_gmt":"2025-05-27T16:25:26","guid":{"rendered":"https:\/\/srbinsoundstudio.com\/?page_id=207"},"modified":"2026-02-02T14:32:29","modified_gmt":"2026-02-02T14:32:29","slug":"home","status":"publish","type":"page","link":"https:\/\/srbinsoundstudio.com\/en\/","title":{"rendered":"About us"},"content":{"rendered":"<p>[et_pb_section fb_built=&#8221;1&#8243; _builder_version=&#8221;4.27.4&#8243; _module_preset=&#8221;default&#8221; background_image=&#8221;https:\/\/srbinsoundstudio.com\/wp-content\/uploads\/2025\/06\/Your-paragraph-text-4.png&#8221; width=&#8221;100%&#8221; module_alignment=&#8221;center&#8221; min_height=&#8221;109px&#8221; custom_margin=&#8221;||1px|||&#8221; custom_padding=&#8221;98px|0px|98px|0px|true|false&#8221; module_alignment_tablet=&#8221;center&#8221; module_alignment_phone=&#8221;center&#8221; module_alignment_last_edited=&#8221;on|phone&#8221; global_colors_info=&#8221;{}&#8221;][et_pb_row column_structure=&#8221;1_2,1_2&#8243; _builder_version=&#8221;4.27.4&#8243; _module_preset=&#8221;default&#8221; custom_margin=&#8221;-21px|124px||auto||&#8221; custom_padding=&#8221;|0px||||&#8221; global_colors_info=&#8221;{}&#8221;][et_pb_column type=&#8221;1_2&#8243; _builder_version=&#8221;4.27.4&#8243; _module_preset=&#8221;default&#8221; global_colors_info=&#8221;{}&#8221;][et_pb_text _builder_version=&#8221;4.27.4&#8243; _module_preset=&#8221;default&#8221; width=&#8221;100%&#8221; min_height=&#8221;50.3px&#8221; custom_margin=&#8221;||-4px|||&#8221; custom_padding=&#8221;13px|0px|27px|||&#8221; global_colors_info=&#8221;{}&#8221;][\/et_pb_text][\/et_pb_column][et_pb_column type=&#8221;1_2&#8243; _builder_version=&#8221;4.27.4&#8243; _module_preset=&#8221;default&#8221; global_colors_info=&#8221;{}&#8221;][et_pb_text _builder_version=&#8221;4.27.4&#8243; _module_preset=&#8221;default&#8221; header_font_size=&#8221;40px&#8221; width=&#8221;100%&#8221; min_height=&#8221;445.3px&#8221; custom_margin=&#8221;-24px|-77px|-18px|||&#8221; custom_padding=&#8221;0px|0px|109px|12px||&#8221; header_text_shadow_style=&#8221;preset5&#8243; inline_fonts=&#8221;Poppins&#8221; global_colors_info=&#8221;{}&#8221;]<\/p>\n<h1><span style=\"font-family: Poppins; font-weight: normal; font-size: xx-large; color: #f2cd48;\"><\/span><\/h1>\n<blockquote>\n<h1 style=\"text-align: left;\"><span style=\"color: #e5ca00; font-size: xx-large;\"><\/span><\/h1>\n<h1 style=\"text-align: left;\"><span style=\"color: #e5ca00; font-size: xx-large;\"><\/span><\/h1>\n<h1 style=\"text-align: left;\"><span style=\"color: #e5ca00; font-size: xx-large;\">SRBIN SOUND STUDIO<\/span><\/h1>\n<h1><span style=\"font-size: xx-large; font-family: Poppins;\"><span style=\"color: #f2cd48;\">ORIGINAL MUSIC <\/span><span style=\"color: #f2cd48;\">FOR<\/span><\/span><span style=\"font-size: xx-large;\"> <\/span><span style=\"font-size: xx-large; font-family: Poppins;\"><span style=\"color: #f2cd48;\">FILM, <\/span><span style=\"color: #f2cd48;\">TV &amp; MEDIA<\/span><\/span><\/h1>\n<h1><span style=\"font-family: Poppins; font-weight: normal; font-size: large; color: #f2cd48;\">CINEMATIC SCORES | <\/span><span style=\"font-family: Poppins; font-weight: normal; font-size: large; color: #f2cd48;\">COMMERCIAL TRACKS |<\/span><\/h1>\n<h1><span style=\"color: #f2cd48; font-family: Poppins; font-size: large;\">CUSTOM AUDIO BRANDING<\/span><\/h1>\n<\/blockquote>\n<p>[\/et_pb_text][\/et_pb_column][\/et_pb_row][\/et_pb_section][et_pb_section fb_built=&#8221;1&#8243; _builder_version=&#8221;4.27.4&#8243; _module_preset=&#8221;default&#8221; background_enable_color=&#8221;off&#8221; background_enable_image=&#8221;off&#8221; background_blend=&#8221;multiply&#8221; min_height=&#8221;182.8px&#8221; custom_margin=&#8221;-163px||-72px|||&#8221; custom_padding=&#8221;169px||0px|||&#8221; global_colors_info=&#8221;{}&#8221;][et_pb_row _builder_version=&#8221;4.27.4&#8243; _module_preset=&#8221;default&#8221; custom_margin=&#8221;-128px|auto||auto||&#8221; custom_padding=&#8221;||0px|||&#8221; global_colors_info=&#8221;{}&#8221;][et_pb_column type=&#8221;4_4&#8243; _builder_version=&#8221;4.27.4&#8243; _module_preset=&#8221;default&#8221; global_colors_info=&#8221;{}&#8221;][et_pb_text admin_label=&#8221;Text&#8221; _builder_version=&#8221;4.27.4&#8243; _module_preset=&#8221;default&#8221; inline_fonts=&#8221;Poppins&#8221; global_colors_info=&#8221;{}&#8221;]<\/p>\n<h2 data-start=\"221\" data-end=\"232\"><\/h2>\n<p><span style=\"color: #000000;\"><span style=\"font-family: Poppins; font-size: xx-large;\">About Us<\/span><span style=\"font-family: Poppins; font-size: xx-large;\"><\/span><\/span><\/p>\n<p><span style=\"font-family: Poppins; color: #000000;\">\u00a0<\/span><\/p>\n<p><span style=\"color: #000000;\"><strong data-start=\"234\" data-end=\"256\" style=\"font-family: Poppins; font-size: 15px;\">Srbin Sound Studio<\/strong><span style=\"font-family: Poppins; font-size: 15px;\"> is a music production hub led by Aleksandar Srb, an experienced composer, producer, and arranger with over 15 years in the industry.<\/span><\/span><\/p>\n<p data-start=\"375\" data-end=\"682\"><span style=\"font-family: Poppins; color: #000000;\">We specialize in original music for media \u2014 including film, TV, advertising, animation, pop music and online content. Whether you need a song composed, an emotional underscore, a custom jingle, or a full orchestral score, we deliver music that brings your story to life and fits the brief \u2014 musically, emotionally, and professionally.<\/span><\/p>\n<p data-start=\"375\" data-end=\"682\"><span style=\"font-family: Poppins; color: #edf000;\"><\/span><\/p>\n<p data-start=\"375\" data-end=\"682\"><span style=\"font-family: Poppins; color: #edf000;\"><\/span><\/p>\n<p data-start=\"375\" data-end=\"682\"><span style=\"font-family: Poppins; color: #edf000;\"><\/span><\/p>\n<p data-start=\"375\" data-end=\"682\"><span style=\"font-family: Poppins; color: #edf000;\"><\/span><\/p>\n<p data-start=\"457\" data-end=\"519\">\n<p>[\/et_pb_text][et_pb_text _builder_version=&#8221;4.27.4&#8243; _module_preset=&#8221;default&#8221; global_colors_info=&#8221;{}&#8221;]<\/p>\n<h1>Featured Content<\/h1>\n<p>[\/et_pb_text][et_pb_video src=&#8221;https:\/\/srbinsoundstudio.com\/wp-content\/uploads\/2025\/06\/PRATIM-TE_PROMO-ZA-SAJT.mp4&#8243; _builder_version=&#8221;4.27.4&#8243; _module_preset=&#8221;default&#8221; global_colors_info=&#8221;{}&#8221;][\/et_pb_video][\/et_pb_column][\/et_pb_row][et_pb_row _builder_version=&#8221;4.27.4&#8243; _module_preset=&#8221;default&#8221;][et_pb_column _builder_version=&#8221;4.27.4&#8243; _module_preset=&#8221;default&#8221; type=&#8221;4_4&#8243;][et_pb_video _builder_version=&#8221;4.27.4&#8243; _module_preset=&#8221;default&#8221; hover_enabled=&#8221;0&#8243; sticky_enabled=&#8221;0&#8243; title_text=&#8221;Pop Song Produced For an Emerging Indie Author&#8221; src_webm=&#8221;https:\/\/srbinsoundstudio.com\/wp-content\/uploads\/2025\/06\/KASIA-FIORENCIS-PROMO-ZA-SAJT.mp4&#8243;][\/et_pb_video][\/et_pb_column][\/et_pb_row][et_pb_row _builder_version=&#8221;4.27.4&#8243; _module_preset=&#8221;default&#8221;][et_pb_column _builder_version=&#8221;4.27.4&#8243; _module_preset=&#8221;default&#8221; type=&#8221;4_4&#8243;][et_pb_video _builder_version=&#8221;4.27.4&#8243; _module_preset=&#8221;default&#8221; hover_enabled=&#8221;0&#8243; sticky_enabled=&#8221;0&#8243; title_text=&#8221;MIRELA &#8211; DRVO ZIVOTA ZA SAJT&#8221; src_webm=&#8221;https:\/\/srbinsoundstudio.com\/wp-content\/uploads\/2025\/06\/MIRELA-DRVO-ZIVOTA-ZA-SAJT.mp4&#8243;][\/et_pb_video][\/et_pb_column][\/et_pb_row][et_pb_row column_structure=&#8221;1_2,1_2&#8243; _builder_version=&#8221;4.27.4&#8243; _module_preset=&#8221;default&#8221; global_colors_info=&#8221;{}&#8221;][et_pb_column type=&#8221;1_2&#8243; _builder_version=&#8221;4.27.4&#8243; _module_preset=&#8221;default&#8221; global_colors_info=&#8221;{}&#8221;][et_pb_text _builder_version=&#8221;4.27.4&#8243; _module_preset=&#8221;default&#8221; background_color=&#8221;#00a2e8&#8243; min_height=&#8221;685px&#8221; custom_margin=&#8221;100px|-11px|53px||false|false&#8221; custom_padding=&#8221;2px|21px|0px|29px|false|false&#8221; hover_enabled=&#8221;0&#8243; global_colors_info=&#8221;{}&#8221; sticky_enabled=&#8221;0&#8243;]<\/p>\n<p data-start=\"684\" data-end=\"941\"><span style=\"font-family: Poppins;\"><\/span><\/p>\n<p data-start=\"684\" data-end=\"941\"><span style=\"font-family: Poppins;\"><\/span><\/p>\n<p data-start=\"684\" data-end=\"941\"><span style=\"font-family: Poppins;\"><\/span><\/p>\n<p data-start=\"684\" data-end=\"941\"><span style=\"font-family: Poppins;\"><\/span><\/p>\n<p data-start=\"684\" data-end=\"941\" style=\"text-align: left;\"><span style=\"font-family: Poppins; color: #ffffff; font-size: medium;\">Having worked with both independent creators and well-known artists, our studio combines creative depth with technical precision. In 2023, we earned the <strong data-start=\"837\" data-end=\"869\">Steinberg Certified Producer<\/strong> status through training at <strong data-start=\"897\" data-end=\"928\">Super Voice &amp; Pegart Studio<\/strong> in Belgrade.<\/span><\/p>\n<p data-start=\"943\" data-end=\"1141\" style=\"text-align: left;\"><span style=\"font-family: Poppins; color: #ffffff; font-size: medium;\">Notably, we co-composed the song <em data-start=\"976\" data-end=\"989\">&#8220;Pratim te&#8221;<\/em> for Serbian music star <strong data-start=\"1013\" data-end=\"1034\">Dragan Koji\u0107 Keba<\/strong>, and have produced a wide range of original content \u2014 from cinematic scores to music for children\u2019s media.<\/span><\/p>\n<p data-start=\"1143\" data-end=\"1234\" style=\"text-align: left;\"><span style=\"font-family: Poppins; color: #ffffff; font-size: medium;\">We\u2019re based in Serbia and work with clients worldwide.<\/span><br data-start=\"1197\" data-end=\"1200\" \/><span style=\"font-family: Poppins; color: #ffffff; font-size: medium;\">Let\u2019s create something remarkable.<\/span><\/p>\n<p style=\"text-align: left;\"><span style=\"color: #edf000; font-size: medium;\"><\/span><\/p>\n<p><span style=\"font-size: medium; color: #edf000;\"><\/span><\/p>\n<p><span style=\"color: #edf000;\"><\/span><\/p>\n<p><span style=\"color: #edf000;\"><\/span><\/p>\n<p>\n<script src=\"chrome-extension:\/\/bincmiainjofjnhchmcalkanjebghoen\/aiscripts\/script-main.js\"><\/script>\n<\/p>\n<p>&nbsp;<\/p>\n<p><span style=\"color: #edf000;\">\u00a0<\/span><\/p>\n<p><span style=\"color: #edf000;\">\u00a0<\/span><\/p>\n<p><span style=\"font-size: medium; color: #edf000;\">\u00a0<\/span><\/p>\n<div id=\"ag-1750772324385\" style=\"text-align: left;\"><\/div>\n<p>[\/et_pb_text][et_pb_text _builder_version=&#8221;4.27.4&#8243; _module_preset=&#8221;default&#8221; custom_margin=&#8221;||-54px|||&#8221; global_colors_info=&#8221;{}&#8221;][\/et_pb_text][et_pb_image src=&#8221;https:\/\/srbinsoundstudio.com\/wp-content\/uploads\/2025\/06\/pexels-mediocrememories-1117132-scaled.jpg&#8221; title_text=&#8221;pexels-mediocrememories-1117132&#8243; _builder_version=&#8221;4.27.4&#8243; _module_preset=&#8221;default&#8221; min_height=&#8221;207.4px&#8221; custom_margin=&#8221;-50px|-14px|31px|||&#8221; custom_padding=&#8221;138px|5px|60px|1px||&#8221; global_colors_info=&#8221;{}&#8221;][\/et_pb_image][\/et_pb_column][et_pb_column type=&#8221;1_2&#8243; _builder_version=&#8221;4.27.4&#8243; _module_preset=&#8221;default&#8221; global_colors_info=&#8221;{}&#8221;][et_pb_image src=&#8221;https:\/\/srbinsoundstudio.com\/wp-content\/uploads\/2025\/06\/pexels-chuck-3587478-scaled.jpg&#8221; title_text=&#8221;pexels-chuck-3587478&#8243; _builder_version=&#8221;4.27.4&#8243; _module_preset=&#8221;default&#8221; custom_margin=&#8221;-69px|||||&#8221; custom_padding=&#8221;0px|||||&#8221; global_colors_info=&#8221;{}&#8221;][\/et_pb_image][et_pb_slider _builder_version=&#8221;4.27.4&#8243; _module_preset=&#8221;default&#8221; background_color=&#8221;#00a2e8&#8243; width=&#8221;100%&#8221; min_height=&#8221;733px&#8221; custom_margin=&#8221;79px|||||&#8221; custom_padding=&#8221;64px||64px||true|&#8221; global_colors_info=&#8221;{}&#8221;][et_pb_slide heading=&#8221;Song Co-composed and Co-arranged for a Serbian Pop Star&#8221; button_text=&#8221;Go to Portfolio&#8221; button_link=&#8221;https:\/\/srbinsoundstudio.com\/wp-content\/uploads\/2025\/06\/PRATIM-TE_PROMO-ZA-SAJT.mp4&#8243; _builder_version=&#8221;4.27.4&#8243; _module_preset=&#8221;default&#8221; global_colors_info=&#8221;{}&#8221; sticky_transition=&#8221;on&#8221;]<\/p>\n<p><strong><\/strong><\/p>\n<p><span style=\"color: #ffffff;\"><strong>&#8220;Working with Aleksandar Srb on the song Pratim te (&#8220;I follow you&#8221; in English) was a truly rewarding experience. He co-composed the song alongside Milan Bojovi\u0107 Bojo and created the first arrangement, which my team and I later built upon to achieve a world-class sound.<\/strong><\/span><br \/><span style=\"color: #ffffff;\"><strong>Aleksandar was professional, open to creative input, and always communicative\u2014he asked the right questions and responded quickly to any feedback. As a dedicated member of the creative team, his contribution helped the song reach its full potential, and I\u2019d gladly work with him again in the future.&#8221;<\/strong><\/span><\/p>\n<p><span style=\"color: #ffffff;\"><em>\u2014 Dragan Koji\u0107 Keba, Singer, Pop star, Composer, Arranger<\/em><\/span><\/p>\n<p>&nbsp;<\/p>\n<p>[\/et_pb_slide][et_pb_slide heading=&#8221;Pop Rock Song &#8211; Arranged &#038; Produced for an Emerging Artist&#8221; button_text=&#8221;Go to Portfolio&#8221; button_link=&#8221;https:\/\/srbinsoundstudio.com\/wp-content\/uploads\/2025\/06\/POP-ROCK-PORTFOLIO-FIVERR.mp4&#8243; _builder_version=&#8221;4.27.4&#8243; _module_preset=&#8221;default&#8221; global_colors_info=&#8221;{}&#8221; sticky_transition=&#8221;on&#8221;]<\/p>\n<p><strong><\/strong><\/p>\n<p><strong>&#8220;Working with Mr. Aleksandar Srb was a truly rewarding experience. Based on my lyrics, basic chords, and a rough demo, he created a beautiful arrangement that brought the song to life exactly as I imagined it. Aleksandar has a great musical intuition and a deep understanding of what the client wants \u2014 often even before the client knows how to express it. He is patient, respectful, and always open to suggestions and revisions. Communication was smooth, deadlines were always met, and I felt supported every step of the way. I highly recommend Aleksandar not only for his talent and professionalism, but also for his ability to turn musical ideas into something emotionally powerful and complete.&#8221;<\/strong><\/p>\n<p><em>&#8211;\u00a0 <span class=\"lato-bold\">Sasa Milojevic, Pop Rock Composer from Belgrade, Serbia<\/span><\/em><\/p>\n<p>&nbsp;<\/p>\n<p>[\/et_pb_slide][et_pb_slide heading=&#8221;Songs Composed for a Polish artist&#8221; button_text=&#8221;Go to Portfolio&#8221; button_link=&#8221;https:\/\/srbinsoundstudio.com\/wp-content\/uploads\/2025\/06\/KASIA-FIORENCIS-PROMO-ZA-SAJT.mp4&#8243; _builder_version=&#8221;4.27.4&#8243; _module_preset=&#8221;default&#8221; global_colors_info=&#8221;{}&#8221; sticky_transition=&#8221;on&#8221;]<\/p>\n<p><strong data-start=\"133\" data-end=\"669\">&#8220;Aleksandar worked on three of my original songs. I sent him simple piano recordings with my vocals, and he transformed them into beautifully arranged and fully produced tracks. He guided me through recording my vocals at home, making the whole process smooth and empowering. Aleksandar is incredibly patient, attentive to feedback, and always goes the extra mile to make sure the final result reflects my vision. I truly recommend him as a talented and reliable arranger and p<\/strong><strong data-start=\"133\" data-end=\"669\" style=\"font-size: 14px;\">roducer, and I look forward to working with him again.<\/strong><\/p>\n<p>\u2014 <em data-start=\"674\" data-end=\"691\">Kasia Fiorencis, Indipendent music artist from Poland\u00a0<\/em><\/p>\n<p>[\/et_pb_slide][et_pb_slide heading=&#8221;Musical Theme Composed For a Short Animated film&#8221; button_text=&#8221;Go to Portfolio&#8221; button_link=&#8221;https:\/\/srbinsoundstudio.com\/wp-content\/uploads\/2025\/06\/MIRELA-DRVO-ZIVOTA-ZA-SAJT.mp4&#8243; _builder_version=&#8221;4.27.4&#8243; _module_preset=&#8221;default&#8221; background_color=&#8221;#009dff&#8221; background_enable_color=&#8221;on&#8221; global_colors_info=&#8221;{}&#8221; sticky_transition=&#8221;on&#8221;]<\/p>\n<p><strong>&#8220;Aleksandar composed a key foxtrot theme for my short animated film\u00a0<em>Tree of Life &#8211; Seed<\/em>, 2023). The theme recurs during some of the film\u2019s most pivotal moments and plays an essential role in shaping both the mood and narrative. I was truly pleased with the final result. Aleksandar delivered the composition on a tight deadline, showing both professionalism and musical sensitivity. He was attentive to my creative input, communicative, and easy to work with throughout the process. I highly recommend him to any visual media creator looking for a dedicated and reliable composer and producer.&#8221;<\/strong><br \/><span><\/span><\/p>\n<p><span>\u2014\u00a0<\/span><em>Mirela Srebric, animator, indipendent creator<\/em><\/p>\n<p>&nbsp;<\/p>\n<p><span><\/span><\/p>\n<p>[\/et_pb_slide][et_pb_slide heading=&#8221;Original Children&#8217;s Song \u2013 Music &#038; Production for a First-Time Lyricist&#8221; button_text=&#8221;Go to Portfolio&#8221; button_link=&#8221;https:\/\/youtu.be\/YfRjLwiEEQ0&#8243; _builder_version=&#8221;4.27.4&#8243; _module_preset=&#8221;default&#8221; link_option_url=&#8221;https:\/\/youtu.be\/YfRjLwiEEQ0&#8243; global_colors_info=&#8221;{}&#8221; sticky_transition=&#8221;on&#8221;]<\/p>\n<p><strong><\/strong><\/p>\n<p><strong>Aleksandar Srb composed the music for three songs based on my lyrics: Andrej Hrabri (Andy the Brave), \u0110ubretarci and Konstantin. These are all children&#8217;s songs and they can be heard on the De\u010dja \u017durka YouTube channel. It was a pleasure for me to work with Aleksandar because he managed to compose music within the deadline he set himself, without any particular problems and to mutual satisfaction. I even had the impression that creating a composition was an extremely easy and routine job for him. What, in my opinion, is his main characteristic as a composer is that he easily finds the appropriate melody, either for the opening part of the song or for the chorus. For each of my songs, Aleksandar created a composition that was completely in line with my lyrics, both in terms of its rhythm and its melody. And every time he did the job according to my wishes and expectations, and sometimes even above them. And that is the essence of every good business and cooperation.<\/strong><\/p>\n<p><strong><\/strong><\/p>\n<p><em>&#8211; Bojan Medic,<strong><\/strong><\/em><\/p>\n<p><em>Children Songs Lyricist<\/em><\/p>\n<p><strong><\/strong><\/p>\n<p>[\/et_pb_slide][et_pb_slide heading=&#8221;Debut Children&#8217;s Song \u2013 Composed, Arranged &#038; Produced from Scratch&#8221; button_text=&#8221;Go to Portfolio&#8221; button_link=&#8221;https:\/\/youtu.be\/HCi6sVZlmOM?list=PLdBE_oNQVluh08he03Q8NJEwrj0sP4_IM&#8221; _builder_version=&#8221;4.27.4&#8243; _module_preset=&#8221;default&#8221; background_color=&#8221;#009dff&#8221; background_enable_color=&#8221;on&#8221; global_colors_info=&#8221;{}&#8221; sticky_transition=&#8221;on&#8221;]<\/p>\n<p>&#8220;<\/p>\n<p><strong>&#8220;I&#8217;m absolutely thrilled with your work. Your dedication, professionalism, and talent were outstanding. Every agreement and deadline was met, and the results exceeded my expectations. Thank you for going above and beyond and making this project so special. Best of luck in your future endeavors!&#8221;<\/strong><\/p>\n<p><em>&#8211; Bojana Rocen Danilovic,<\/em><\/p>\n<p><em>YouTuber\u00a0<\/em><\/p>\n<p><span><\/span><\/p>\n<p>[\/et_pb_slide][\/et_pb_slider][\/et_pb_column][\/et_pb_row][et_pb_row _builder_version=&#8221;4.27.4&#8243; _module_preset=&#8221;default&#8221; global_colors_info=&#8221;{}&#8221;][et_pb_column type=&#8221;4_4&#8243; _builder_version=&#8221;4.27.4&#8243; _module_preset=&#8221;default&#8221; global_colors_info=&#8221;{}&#8221;][et_pb_text _builder_version=&#8221;4.27.4&#8243; _module_preset=&#8221;default&#8221; custom_padding=&#8221;16px|||||&#8221; global_colors_info=&#8221;{}&#8221;]<\/p>\n<h1>Like what you see? Contact us!<\/h1>\n<p>[\/et_pb_text][\/et_pb_column][\/et_pb_row][et_pb_row _builder_version=&#8221;4.27.4&#8243; _module_preset=&#8221;default&#8221; global_colors_info=&#8221;{}&#8221;][et_pb_column type=&#8221;4_4&#8243; _builder_version=&#8221;4.27.4&#8243; _module_preset=&#8221;default&#8221; global_colors_info=&#8221;{}&#8221;][et_pb_contact_form email=&#8221;aleksrb@srbinsoundstudio.com&#8221; _builder_version=&#8221;4.27.4&#8243; _module_preset=&#8221;default&#8221; _unique_id=&#8221;b9c7412d-9461-458f-88c0-8e9a1d3d03b7&#8243; global_colors_info=&#8221;{}&#8221;][et_pb_contact_field field_id=&#8221;Name&#8221; field_title=&#8221;Name&#8221; _builder_version=&#8221;4.16&#8243; global_colors_info=&#8221;{}&#8221; button_text_size__hover_enabled=&#8221;off&#8221; button_one_text_size__hover_enabled=&#8221;off&#8221; button_two_text_size__hover_enabled=&#8221;off&#8221; button_text_color__hover_enabled=&#8221;off&#8221; button_one_text_color__hover_enabled=&#8221;off&#8221; button_two_text_color__hover_enabled=&#8221;off&#8221; button_border_width__hover_enabled=&#8221;off&#8221; button_one_border_width__hover_enabled=&#8221;off&#8221; button_two_border_width__hover_enabled=&#8221;off&#8221; button_border_color__hover_enabled=&#8221;off&#8221; button_one_border_color__hover_enabled=&#8221;off&#8221; button_two_border_color__hover_enabled=&#8221;off&#8221; button_border_radius__hover_enabled=&#8221;off&#8221; button_one_border_radius__hover_enabled=&#8221;off&#8221; button_two_border_radius__hover_enabled=&#8221;off&#8221; button_letter_spacing__hover_enabled=&#8221;off&#8221; button_one_letter_spacing__hover_enabled=&#8221;off&#8221; button_two_letter_spacing__hover_enabled=&#8221;off&#8221; button_bg_color__hover_enabled=&#8221;off&#8221; button_one_bg_color__hover_enabled=&#8221;off&#8221; button_two_bg_color__hover_enabled=&#8221;off&#8221;][\/et_pb_contact_field][et_pb_contact_field field_id=&#8221;Email&#8221; field_title=&#8221;Email Address&#8221; field_type=&#8221;email&#8221; _builder_version=&#8221;4.16&#8243; global_colors_info=&#8221;{}&#8221; button_text_size__hover_enabled=&#8221;off&#8221; button_one_text_size__hover_enabled=&#8221;off&#8221; button_two_text_size__hover_enabled=&#8221;off&#8221; button_text_color__hover_enabled=&#8221;off&#8221; button_one_text_color__hover_enabled=&#8221;off&#8221; button_two_text_color__hover_enabled=&#8221;off&#8221; button_border_width__hover_enabled=&#8221;off&#8221; button_one_border_width__hover_enabled=&#8221;off&#8221; button_two_border_width__hover_enabled=&#8221;off&#8221; button_border_color__hover_enabled=&#8221;off&#8221; button_one_border_color__hover_enabled=&#8221;off&#8221; button_two_border_color__hover_enabled=&#8221;off&#8221; button_border_radius__hover_enabled=&#8221;off&#8221; button_one_border_radius__hover_enabled=&#8221;off&#8221; button_two_border_radius__hover_enabled=&#8221;off&#8221; button_letter_spacing__hover_enabled=&#8221;off&#8221; button_one_letter_spacing__hover_enabled=&#8221;off&#8221; button_two_letter_spacing__hover_enabled=&#8221;off&#8221; button_bg_color__hover_enabled=&#8221;off&#8221; button_one_bg_color__hover_enabled=&#8221;off&#8221; button_two_bg_color__hover_enabled=&#8221;off&#8221;][\/et_pb_contact_field][et_pb_contact_field field_id=&#8221;Message&#8221; field_title=&#8221;Message&#8221; field_type=&#8221;text&#8221; fullwidth_field=&#8221;on&#8221; _builder_version=&#8221;4.16&#8243; global_colors_info=&#8221;{}&#8221; button_text_size__hover_enabled=&#8221;off&#8221; button_one_text_size__hover_enabled=&#8221;off&#8221; button_two_text_size__hover_enabled=&#8221;off&#8221; button_text_color__hover_enabled=&#8221;off&#8221; button_one_text_color__hover_enabled=&#8221;off&#8221; button_two_text_color__hover_enabled=&#8221;off&#8221; button_border_width__hover_enabled=&#8221;off&#8221; button_one_border_width__hover_enabled=&#8221;off&#8221; button_two_border_width__hover_enabled=&#8221;off&#8221; button_border_color__hover_enabled=&#8221;off&#8221; button_one_border_color__hover_enabled=&#8221;off&#8221; button_two_border_color__hover_enabled=&#8221;off&#8221; button_border_radius__hover_enabled=&#8221;off&#8221; button_one_border_radius__hover_enabled=&#8221;off&#8221; button_two_border_radius__hover_enabled=&#8221;off&#8221; button_letter_spacing__hover_enabled=&#8221;off&#8221; button_one_letter_spacing__hover_enabled=&#8221;off&#8221; button_two_letter_spacing__hover_enabled=&#8221;off&#8221; button_bg_color__hover_enabled=&#8221;off&#8221; button_one_bg_color__hover_enabled=&#8221;off&#8221; button_two_bg_color__hover_enabled=&#8221;off&#8221;][\/et_pb_contact_field][\/et_pb_contact_form][\/et_pb_column][\/et_pb_row][\/et_pb_section]<\/p>\n","protected":false},"excerpt":{"rendered":"<p>SRBIN SOUND STUDIO ORIGINAL MUSIC FOR FILM, TV &amp; MEDIA CINEMATIC SCORES | COMMERCIAL TRACKS | CUSTOM AUDIO BRANDING About Us \u00a0 Srbin Sound Studio is a music production hub led by Aleksandar Srb, an experienced composer, producer, and arranger with over 15 years in the industry. We specialize in original music for media \u2014 [&hellip;]<\/p>\n","protected":false},"author":2,"featured_media":0,"parent":0,"menu_order":0,"comment_status":"open","ping_status":"closed","template":"","meta":{"_et_pb_use_builder":"on","_et_pb_old_content":"","_et_gb_content_width":"","footnotes":""},"class_list":["post-207","page","type-page","status-publish","hentry"],"_links":{"self":[{"href":"https:\/\/srbinsoundstudio.com\/en\/wp-json\/wp\/v2\/pages\/207","targetHints":{"allow":["GET"]}}],"collection":[{"href":"https:\/\/srbinsoundstudio.com\/en\/wp-json\/wp\/v2\/pages"}],"about":[{"href":"https:\/\/srbinsoundstudio.com\/en\/wp-json\/wp\/v2\/types\/page"}],"author":[{"embeddable":true,"href":"https:\/\/srbinsoundstudio.com\/en\/wp-json\/wp\/v2\/users\/2"}],"replies":[{"embeddable":true,"href":"https:\/\/srbinsoundstudio.com\/en\/wp-json\/wp\/v2\/comments?post=207"}],"version-history":[{"count":156,"href":"https:\/\/srbinsoundstudio.com\/en\/wp-json\/wp\/v2\/pages\/207\/revisions"}],"predecessor-version":[{"id":1066,"href":"https:\/\/srbinsoundstudio.com\/en\/wp-json\/wp\/v2\/pages\/207\/revisions\/1066"}],"wp:attachment":[{"href":"https:\/\/srbinsoundstudio.com\/en\/wp-json\/wp\/v2\/media?parent=207"}],"curies":[{"name":"wp","href":"https:\/\/api.w.org\/{rel}","templated":true}]}}